{"id":34,"date":"2025-04-04T16:15:53","date_gmt":"2025-04-04T14:15:53","guid":{"rendered":"https:\/\/nobreva.fr\/?page_id=34"},"modified":"2025-04-05T20:08:48","modified_gmt":"2025-04-05T18:08:48","slug":"mentions-legales","status":"publish","type":"page","link":"https:\/\/nobreva.fr\/en\/mentions-legales\/","title":{"rendered":"Legal Notice"},"content":{"rendered":"<div data-elementor-type=\"wp-page\" data-elementor-id=\"34\" class=\"elementor elementor-34\">\n\t\t\t\t<div class=\"elementor-element elementor-element-895b597 e-flex e-con-boxed e-con e-parent\" data-id=\"895b597\" data-element_type=\"container\" data-e-type=\"container\">\n\t\t\t\t\t<div class=\"e-con-inner\">\n\t\t\t\t<div class=\"elementor-element elementor-element-42c1e83 elementor-widget elementor-widget-text-editor\" data-id=\"42c1e83\" data-element_type=\"widget\" data-e-type=\"widget\" data-widget_type=\"text-editor.default\">\n\t\t\t\t<div class=\"elementor-widget-container\">\n\t\t\t\t\t\t\t\t\t<h2 class=\"\" data-start=\"163\" data-end=\"181\">Site Publisher<\/h2><p class=\"translation-block\" data-start=\"183\" data-end=\"493\">This website is published by:<br>\n<strong>Nobreva<\/strong>, SASU with a share capital of \u20ac500<br>\nRegistered office: 1 rue Max Jacob, 45800 Saint-Jean-de-Braye, France<br>\nSIRET: 982 243 040 00010<br>\nPublishing Director: Benjamin<br>\nEmail address: <a class=\"cursor-pointer\" rel=\"noopener\" target=\"_self\">contact@nobreva.fr<\/a><\/p><h2 class=\"\" data-start=\"495\" data-end=\"509\">Hosting<\/h2><p class=\"translation-block\" data-start=\"511\" data-end=\"686\">The website is hosted by:<br>\n<strong>OVH SAS<\/strong><br>\n2 rue Kellermann, 59100 Roubaix, France<br>\nWebsite: <a class=\"\" href=\"https:\/\/www.ovh.com\" target=\"_new\" rel=\"noopener\">https:\/\/www.ovh.com<\/a><br>\nPhone: 1007 (from France)<\/p><h2 class=\"\" data-start=\"688\" data-end=\"715\">Intellectual Property<\/h2><p class=\"translation-block\" data-start=\"717\" data-end=\"1088\">All content on this website (texts, images, logos, graphics, etc.) is, unless otherwise stated, the exclusive property of Nobreva.<br>\nAny reproduction, representation, modification, publication, transmission, or distortion, in whole or in part, of the website or its content, by any means whatsoever, is strictly prohibited without prior written authorization.<\/p><h2 class=\"\" data-start=\"1090\" data-end=\"1120\">Personal Data \u2013 GDPR<\/h2><p class=\"translation-block\" data-start=\"1122\" data-end=\"1349\">In accordance with the <strong>General Data Protection Regulation (GDPR)<\/strong>, the information collected via the contact form is strictly limited to the data necessary to respond to user requests.<\/p><p class=\"\" data-start=\"1351\" data-end=\"1375\"><strong data-start=\"1351\" data-end=\"1373\">Data collected:<\/strong> :<\/p><ul data-start=\"1376\" data-end=\"1419\"><li class=\"\" data-start=\"1376\" data-end=\"1381\"><p class=\"\" data-start=\"1378\" data-end=\"1381\">Last name<\/p><\/li><li class=\"\" data-start=\"1382\" data-end=\"1398\"><p class=\"\" data-start=\"1384\" data-end=\"1398\">Email address<\/p><\/li><li class=\"\" data-start=\"1399\" data-end=\"1419\"><p class=\"\" data-start=\"1401\" data-end=\"1419\">Message content<\/p><\/li><\/ul><p class=\"translation-block\" data-start=\"1421\" data-end=\"1624\"><strong>Purpose<\/strong>: This data is used solely to respond to messages submitted through the contact form.<br>\n<strong>Retention period<\/strong>: Up to 12 months after receipt, unless legally required otherwise.<\/p><p class=\"translation-block\" data-start=\"1626\" data-end=\"1739\"><strong>Recipients<\/strong>: Only Nobreva has access to the data. No personal data is shared with third parties.<\/p><p class=\"translation-block\" data-start=\"1741\" data-end=\"1869\"><strong>User rights<\/strong>:<br>\nIn accordance with the French \u201cInformatique et Libert\u00e9s\u201d law and the GDPR, you have the following rights:<\/p><ul data-start=\"1870\" data-end=\"1992\"><li class=\"\" data-start=\"1870\" data-end=\"1885\"><p class=\"\" data-start=\"1872\" data-end=\"1885\">Right of access<\/p><\/li><li class=\"\" data-start=\"1886\" data-end=\"1910\"><p class=\"\" data-start=\"1888\" data-end=\"1910\">Right to rectification<\/p><\/li><li class=\"\" data-start=\"1911\" data-end=\"1933\"><p class=\"\" data-start=\"1913\" data-end=\"1933\">Right to erasure<\/p><\/li><li class=\"\" data-start=\"1934\" data-end=\"1954\"><p class=\"\" data-start=\"1936\" data-end=\"1954\">Right to object<\/p><\/li><li class=\"\" data-start=\"1955\" data-end=\"1992\"><p class=\"\" data-start=\"1957\" data-end=\"1992\">Right to restrict processing<\/p><\/li><\/ul><p class=\"translation-block\" data-start=\"1994\" data-end=\"2102\">To exercise your rights, you can contact us at:<br>\n\ud83d\udce9 <a class=\"cursor-pointer\" rel=\"noopener\" target=\"_self\">contact@nobreva.fr<\/a><\/p><h2 class=\"\" data-start=\"2104\" data-end=\"2114\">Cookies<\/h2><p class=\"translation-block\" data-start=\"2116\" data-end=\"2416\">This website may use cookies for audience measurement or security purposes (e.g., reCAPTCHA).<br>\nAn information banner allows visitors to consent or decline the use of cookies.<br>\nYou can change your preferences at any time via the banner or your browser settings.<\/p>\t\t\t\t\t\t\t\t<\/div>\n\t\t\t\t<\/div>\n\t\t\t\t\t<\/div>\n\t\t\t\t<\/div>\n\t\t\t\t<\/div>","protected":false},"excerpt":{"rendered":"<p>\u00c9diteur du site Le pr\u00e9sent site est \u00e9dit\u00e9 par :Nobreva, SASU au capital social de 500 \u20acSi\u00e8ge social : 1 rue Max Jacob, 45800 Saint-Jean-de-Braye, FranceSIRET : 982 243 040 00010Responsable de publication : BenjaminAdresse email : contact@nobreva.fr H\u00e9bergement Le site est h\u00e9berg\u00e9 par :OVH SAS2 rue Kellermann, 59100 Roubaix, FranceSite web : https:\/\/www.ovh.comT\u00e9l\u00e9phone : [&hellip;]<\/p>\n","protected":false},"author":1,"featured_media":0,"parent":0,"menu_order":0,"comment_status":"closed","ping_status":"closed","template":"","meta":{"ocean_post_layout":"","ocean_both_sidebars_style":"","ocean_both_sidebars_content_width":0,"ocean_both_sidebars_sidebars_width":0,"ocean_sidebar":"","ocean_second_sidebar":"","ocean_disable_margins":"enable","ocean_add_body_class":"","ocean_shortcode_before_top_bar":"","ocean_shortcode_after_top_bar":"","ocean_shortcode_before_header":"","ocean_shortcode_after_header":"","ocean_has_shortcode":"","ocean_shortcode_after_title":"","ocean_shortcode_before_footer_widgets":"","ocean_shortcode_after_footer_widgets":"","ocean_shortcode_before_footer_bottom":"","ocean_shortcode_after_footer_bottom":"","ocean_display_top_bar":"on","ocean_display_header":"off","ocean_header_style":"","ocean_center_header_left_menu":"","ocean_custom_header_template":"","ocean_custom_logo":0,"ocean_custom_retina_logo":0,"ocean_custom_logo_max_width":0,"ocean_custom_logo_tablet_max_width":0,"ocean_custom_logo_mobile_max_width":0,"ocean_custom_logo_max_height":0,"ocean_custom_logo_tablet_max_height":0,"ocean_custom_logo_mobile_max_height":0,"ocean_header_custom_menu":"3","ocean_menu_typo_font_family":"","ocean_menu_typo_font_subset":"","ocean_menu_typo_font_size":0,"ocean_menu_typo_font_size_tablet":0,"ocean_menu_typo_font_size_mobile":0,"ocean_menu_typo_font_size_unit":"px","ocean_menu_typo_font_weight":"","ocean_menu_typo_font_weight_tablet":"","ocean_menu_typo_font_weight_mobile":"","ocean_menu_typo_transform":"","ocean_menu_typo_transform_tablet":"","ocean_menu_typo_transform_mobile":"","ocean_menu_typo_line_height":0,"ocean_menu_typo_line_height_tablet":0,"ocean_menu_typo_line_height_mobile":0,"ocean_menu_typo_line_height_unit":"","ocean_menu_typo_spacing":0,"ocean_menu_typo_spacing_tablet":0,"ocean_menu_typo_spacing_mobile":0,"ocean_menu_typo_spacing_unit":"","ocean_menu_link_color":"","ocean_menu_link_color_hover":"","ocean_menu_link_color_active":"","ocean_menu_link_background":"","ocean_menu_link_hover_background":"","ocean_menu_link_active_background":"","ocean_menu_social_links_bg":"","ocean_menu_social_hover_links_bg":"","ocean_menu_social_links_color":"","ocean_menu_social_hover_links_color":"","ocean_disable_title":"default","ocean_disable_heading":"default","ocean_post_title":"","ocean_post_subheading":"","ocean_post_title_style":"","ocean_post_title_background_color":"","ocean_post_title_background":0,"ocean_post_title_bg_image_position":"","ocean_post_title_bg_image_attachment":"","ocean_post_title_bg_image_repeat":"","ocean_post_title_bg_image_size":"","ocean_post_title_height":0,"ocean_post_title_bg_overlay":0.5,"ocean_post_title_bg_overlay_color":"","ocean_disable_breadcrumbs":"off","ocean_breadcrumbs_color":"","ocean_breadcrumbs_separator_color":"","ocean_breadcrumbs_links_color":"","ocean_breadcrumbs_links_hover_color":"","ocean_display_footer_widgets":"default","ocean_display_footer_bottom":"default","ocean_custom_footer_template":"","footnotes":""},"class_list":["post-34","page","type-page","status-publish","hentry","entry"],"yoast_head":"<!-- This site is optimized with the Yoast SEO plugin v27.3 - https:\/\/yoast.com\/product\/yoast-seo-wordpress\/ -->\n<title>Mentions L\u00e9gales - Nobreva<\/title>\n<meta name=\"robots\" content=\"index, follow, max-snippet:-1, max-image-preview:large, max-video-preview:-1\" \/>\n<link rel=\"canonical\" href=\"https:\/\/nobreva.fr\/en\/mentions-legales\/\" \/>\n<meta property=\"og:locale\" content=\"en_US\" \/>\n<meta property=\"og:type\" content=\"article\" \/>\n<meta property=\"og:title\" content=\"Mentions L\u00e9gales - Nobreva\" \/>\n<meta property=\"og:description\" content=\"\u00c9diteur du site Le pr\u00e9sent site est \u00e9dit\u00e9 par :Nobreva, SASU au capital social de 500 \u20acSi\u00e8ge social : 1 rue Max Jacob, 45800 Saint-Jean-de-Braye, FranceSIRET : 982 243 040 00010Responsable de publication : BenjaminAdresse email : contact@nobreva.fr H\u00e9bergement Le site est h\u00e9berg\u00e9 par :OVH SAS2 rue Kellermann, 59100 Roubaix, FranceSite web : https:\/\/www.ovh.comT\u00e9l\u00e9phone : [&hellip;]\" \/>\n<meta property=\"og:url\" content=\"https:\/\/nobreva.fr\/en\/mentions-legales\/\" \/>\n<meta property=\"og:site_name\" content=\"Nobreva\" \/>\n<meta property=\"article:modified_time\" content=\"2025-04-05T18:08:48+00:00\" \/>\n<meta name=\"twitter:card\" content=\"summary_large_image\" \/>\n<meta name=\"twitter:label1\" content=\"Est. reading time\" \/>\n\t<meta name=\"twitter:data1\" content=\"2 minutes\" \/>\n<script type=\"application\/ld+json\" class=\"yoast-schema-graph\">{\"@context\":\"https:\\\/\\\/schema.org\",\"@graph\":[{\"@type\":\"WebPage\",\"@id\":\"https:\\\/\\\/nobreva.fr\\\/mentions-legales\\\/\",\"url\":\"https:\\\/\\\/nobreva.fr\\\/mentions-legales\\\/\",\"name\":\"Mentions L\u00e9gales - Nobreva\",\"isPartOf\":{\"@id\":\"https:\\\/\\\/nobreva.fr\\\/#website\"},\"datePublished\":\"2025-04-04T14:15:53+00:00\",\"dateModified\":\"2025-04-05T18:08:48+00:00\",\"breadcrumb\":{\"@id\":\"https:\\\/\\\/nobreva.fr\\\/mentions-legales\\\/#breadcrumb\"},\"inLanguage\":\"en-US\",\"potentialAction\":[{\"@type\":\"ReadAction\",\"target\":[\"https:\\\/\\\/nobreva.fr\\\/mentions-legales\\\/\"]}]},{\"@type\":\"BreadcrumbList\",\"@id\":\"https:\\\/\\\/nobreva.fr\\\/mentions-legales\\\/#breadcrumb\",\"itemListElement\":[{\"@type\":\"ListItem\",\"position\":1,\"name\":\"Accueil\",\"item\":\"https:\\\/\\\/nobreva.fr\\\/\"},{\"@type\":\"ListItem\",\"position\":2,\"name\":\"Mentions L\u00e9gales\"}]},{\"@type\":\"WebSite\",\"@id\":\"https:\\\/\\\/nobreva.fr\\\/#website\",\"url\":\"https:\\\/\\\/nobreva.fr\\\/\",\"name\":\"Nobreva\",\"description\":\"\",\"potentialAction\":[{\"@type\":\"SearchAction\",\"target\":{\"@type\":\"EntryPoint\",\"urlTemplate\":\"https:\\\/\\\/nobreva.fr\\\/?s={search_term_string}\"},\"query-input\":{\"@type\":\"PropertyValueSpecification\",\"valueRequired\":true,\"valueName\":\"search_term_string\"}}],\"inLanguage\":\"en-US\"}]}<\/script>\n<!-- \/ Yoast SEO plugin. -->","yoast_head_json":{"title":"Mentions L\u00e9gales - Nobreva","robots":{"index":"index","follow":"follow","max-snippet":"max-snippet:-1","max-image-preview":"max-image-preview:large","max-video-preview":"max-video-preview:-1"},"canonical":"https:\/\/nobreva.fr\/en\/mentions-legales\/","og_locale":"en_US","og_type":"article","og_title":"Mentions L\u00e9gales - Nobreva","og_description":"\u00c9diteur du site Le pr\u00e9sent site est \u00e9dit\u00e9 par :Nobreva, SASU au capital social de 500 \u20acSi\u00e8ge social : 1 rue Max Jacob, 45800 Saint-Jean-de-Braye, FranceSIRET : 982 243 040 00010Responsable de publication : BenjaminAdresse email : contact@nobreva.fr H\u00e9bergement Le site est h\u00e9berg\u00e9 par :OVH SAS2 rue Kellermann, 59100 Roubaix, FranceSite web : https:\/\/www.ovh.comT\u00e9l\u00e9phone : [&hellip;]","og_url":"https:\/\/nobreva.fr\/en\/mentions-legales\/","og_site_name":"Nobreva","article_modified_time":"2025-04-05T18:08:48+00:00","twitter_card":"summary_large_image","twitter_misc":{"Est. reading time":"2 minutes"},"schema":{"@context":"https:\/\/schema.org","@graph":[{"@type":"WebPage","@id":"https:\/\/nobreva.fr\/mentions-legales\/","url":"https:\/\/nobreva.fr\/mentions-legales\/","name":"Mentions L\u00e9gales - Nobreva","isPartOf":{"@id":"https:\/\/nobreva.fr\/#website"},"datePublished":"2025-04-04T14:15:53+00:00","dateModified":"2025-04-05T18:08:48+00:00","breadcrumb":{"@id":"https:\/\/nobreva.fr\/mentions-legales\/#breadcrumb"},"inLanguage":"en-US","potentialAction":[{"@type":"ReadAction","target":["https:\/\/nobreva.fr\/mentions-legales\/"]}]},{"@type":"BreadcrumbList","@id":"https:\/\/nobreva.fr\/mentions-legales\/#breadcrumb","itemListElement":[{"@type":"ListItem","position":1,"name":"Accueil","item":"https:\/\/nobreva.fr\/"},{"@type":"ListItem","position":2,"name":"Mentions L\u00e9gales"}]},{"@type":"WebSite","@id":"https:\/\/nobreva.fr\/#website","url":"https:\/\/nobreva.fr\/","name":"Nobreva","description":"","potentialAction":[{"@type":"SearchAction","target":{"@type":"EntryPoint","urlTemplate":"https:\/\/nobreva.fr\/?s={search_term_string}"},"query-input":{"@type":"PropertyValueSpecification","valueRequired":true,"valueName":"search_term_string"}}],"inLanguage":"en-US"}]}},"_links":{"self":[{"href":"https:\/\/nobreva.fr\/en\/wp-json\/wp\/v2\/pages\/34","targetHints":{"allow":["GET"]}}],"collection":[{"href":"https:\/\/nobreva.fr\/en\/wp-json\/wp\/v2\/pages"}],"about":[{"href":"https:\/\/nobreva.fr\/en\/wp-json\/wp\/v2\/types\/page"}],"author":[{"embeddable":true,"href":"https:\/\/nobreva.fr\/en\/wp-json\/wp\/v2\/users\/1"}],"replies":[{"embeddable":true,"href":"https:\/\/nobreva.fr\/en\/wp-json\/wp\/v2\/comments?post=34"}],"version-history":[{"count":5,"href":"https:\/\/nobreva.fr\/en\/wp-json\/wp\/v2\/pages\/34\/revisions"}],"predecessor-version":[{"id":110,"href":"https:\/\/nobreva.fr\/en\/wp-json\/wp\/v2\/pages\/34\/revisions\/110"}],"wp:attachment":[{"href":"https:\/\/nobreva.fr\/en\/wp-json\/wp\/v2\/media?parent=34"}],"curies":[{"name":"wp","href":"https:\/\/api.w.org\/{rel}","templated":true}]}}